{"id":294,"date":"2025-06-26T05:03:31","date_gmt":"2025-06-26T03:03:31","guid":{"rendered":"https:\/\/euticket.de\/?page_id=294"},"modified":"2026-04-29T09:32:54","modified_gmt":"2026-04-29T07:32:54","slug":"aa-konzertagentur","status":"publish","type":"page","link":"https:\/\/euticket.de\/de\/","title":{"rendered":"A&#038;A Konzertagentur"},"content":{"rendered":"<div class=\"wpb-content-wrapper\"><p>[vc_row full_width=&#8220;stretch_row_content_no_spaces&#8220; el_class=&#8220;main-slider-row&#8220;][vc_column][vc_images_carousel images=&#8220;1678,1770,139&#8243; img_size=&#8220;full&#8220; onclick=&#8220;link_no&#8220; autoplay=&#8220;yes&#8220; wrap=&#8220;yes&#8220; css=&#8220;&#8220; el_class=&#8220;main-slider&#8220;][\/vc_column][\/vc_row][vc_row el_class=&#8220;afisha-events&#8220;][vc_column][vc_column_text css=&#8220;&#8220;]<\/p>\n<h2 style=\"text-align: center;\">Veranstaltungen<\/h2>\n<p>[\/vc_column_text][vc_column_text css=&#8220;&#8220; el_class=&#8220;events-container&#8220;]        <article id=\"post-1686\">\r\n\t\t\t<a href=\"https:\/\/euticket.de\/de\/veranstaltungen\/weltpremiere-inostranka\/\">\r\n                            <img decoding=\"async\" width='400px' height='400px' src=\"https:\/\/euticket.de\/library\/media\/inostranka-afisha.jpg\" \/>\r\n            \t\r\n\t\t\r\n\t\t\t\t<header class=\"afisha-entry-header\">\r\n\t\t\t\t\t<h4 class=\"afisha-entry-title\">Weltpremiere des Theaterst\u00fccks \u201eINOSTRANKA\u201c<\/h4>\r\n            \t<\/header>\r\n\t\t\t<\/a>\t\r\n            <div class=\"afisha-event-date\">\r\n                <p>8. M\u00e4rz \u2013 23. Mai 2026<\/p>\n            <\/div>\r\n        <\/article>\r\n                <article id=\"post-1777\">\r\n\t\t\t<a href=\"https:\/\/euticket.de\/de\/veranstaltungen\/chanel-gegen-rubinstein\/\">\r\n                            <img decoding=\"async\" width='400px' height='400px' src=\"https:\/\/euticket.de\/library\/media\/chanel-vs-rubinstein-afisha.jpg\" \/>\r\n            \t\r\n\t\t\r\n\t\t\t\t<header class=\"afisha-entry-header\">\r\n\t\t\t\t\t<h4 class=\"afisha-entry-title\">\u201eChanel gegen Rubinstein\u201c Premiere des Musiktheaterst\u00fccks in Deutschland<\/h4>\r\n            \t<\/header>\r\n\t\t\t<\/a>\t\r\n            <div class=\"afisha-event-date\">\r\n                <p>19. Mai \u2013 21. September 2026<\/p>\n            <\/div>\r\n        <\/article>\r\n                <article id=\"post-191\">\r\n\t\t\t<a href=\"https:\/\/euticket.de\/de\/veranstaltungen\/gromkie-romantische-komoedie-von-savva-saveliev\/\">\r\n                            <img decoding=\"async\" width='400px' height='400px' src=\"https:\/\/euticket.de\/library\/media\/loud-ones-afisha.jpg\" \/>\r\n            \t\r\n\t\t\r\n\t\t\t\t<header class=\"afisha-entry-header\">\r\n\t\t\t\t\t<h4 class=\"afisha-entry-title\">\u201eGROMKIE\u201c romantische Kom\u00f6die von Savva Saveliev<\/h4>\r\n            \t<\/header>\r\n\t\t\t<\/a>\t\r\n            <div class=\"afisha-event-date\">\r\n                <p>26.\u201331. Oktober 2026<\/p>\n            <\/div>\r\n        <\/article>\r\n        [\/vc_column_text][vc_empty_space height=&#8220;30pt&#8220;][\/vc_column][\/vc_row][vc_row full_width=&#8220;stretch_row&#8220; el_class=&#8220;about-row&#8220;][vc_column][vc_column_text css=&#8220;&#8220;]<\/p>\n<h2 class=\"aa-title\" style=\"text-align: center;\">AA-Promotion<\/h2>\n<h5 class=\"sub-title\" style=\"text-align: center;\">Organisation und Durchf\u00fchrung von Shows und Konzerten in Deutschland und Europa<\/h5>\n<p>[\/vc_column_text][vc_row_inner][vc_column_inner width=&#8220;1\/3&#8243;][vc_raw_html]JTNDZGl2JTIwY2xhc3MlM0QlMjJhYm91dC1pY29ucyUyMiUzRSUzQ2klMjBjbGFzcyUzRCUyMmZhJTIwZmEtY2hpbGQlMjIlM0UlM0MlMkZpJTNFJTNDJTJGZGl2JTNF[\/vc_raw_html][vc_column_text css_animation=&#8220;left-to-right&#8220; css=&#8220;&#8220;]<\/p>\n<h4 class=\"info-title\" style=\"text-align: center;\">F\u00fcr alle<\/h4>\n<p style=\"text-align: center;\">Unser Hauptprofil ist die Organisation und Durchf\u00fchrung von Konzerten, Shows und Veranstaltungen in Deutschland und Europa<\/p>\n<p>[\/vc_column_text][\/vc_column_inner][vc_column_inner width=&#8220;1\/3&#8243;][vc_raw_html]JTNDZGl2JTIwY2xhc3MlM0QlMjJhYm91dC1pY29ucyUyMiUzRSUzQ2klMjBjbGFzcyUzRCUyMmZhcyUyMGZhLWhlYXJ0JTIyJTNFJTNDJTJGaSUzRSUzQyUyRmRpdiUzRQ==[\/vc_raw_html][vc_column_text css_animation=&#8220;bottom-to-top&#8220; css=&#8220;&#8220;]<\/p>\n<h4 class=\"info-title\" style=\"text-align: center;\">Ihre Liebligsk\u00fcnster<\/h4>\n<p style=\"text-align: center;\">Wir versuchen, die Vielfalt der Geschm\u00e4cker und Interessen verschiedener Generationen unserer Zuschauer zu ber\u00fccksichtigen und pr\u00e4sentieren nur die besten Kunstprojekte<\/p>\n<p>[\/vc_column_text][\/vc_column_inner][vc_column_inner width=&#8220;1\/3&#8243;][vc_raw_html]JTNDZGl2JTIwY2xhc3MlM0QlMjJhYm91dC1pY29ucyUyMiUzRSUzQ2klMjBjbGFzcyUzRCUyMmZhciUyMGZhLWdlbSUyMiUzRSUzQyUyRmklM0UlM0MlMkZkaXYlM0U=[\/vc_raw_html][vc_column_text css_animation=&#8220;right-to-left&#8220; css=&#8220;&#8220;]<\/p>\n<h4 class=\"info-title\" style=\"text-align: center;\">F\u00fcr Sie<\/h4>\n<p style=\"text-align: center;\">Wir sch\u00e4tzen unseren Ruf und sorgen f\u00fcr den maximalen Komfort unseres Zuschauers<\/p>\n<p>[\/vc_column_text][\/vc_column_inner][\/vc_row_inner][\/vc_column][\/vc_row][vc_row full_width=&#8220;stretch_row&#8220; el_class=&#8220;present-row&#8220;][vc_column][vc_column_text css_animation=&#8220;fadeIn&#8220; css=&#8220;&#8220;]<\/p>\n<h3>Ticket als Geschenk!<\/h3>\n<p>Sie k\u00f6nnen jetzt eine Bestellung aufgeben und einen Geschenkgutschein sofort erhalten.<br \/>\nDer Gutschein berechtigt zum Kauf von Tickets auf alle Veranstaltungen,<br \/>\ndie auf der www.ruticket.de angeboten werden.<br \/>\nSie k\u00f6nnen die H\u00f6he des Geschenkgutscheins selbst bestimmen.<\/p>\n<p><a class=\"aa-button\" href=\"..\/de\/gutschein\/\" rel=\"noopener\">Gutscheine<\/a>[\/vc_column_text][\/vc_column][\/vc_row][vc_row full_width=&#8220;stretch_row&#8220; el_class=&#8220;contact-subscribe-row&#8220;][vc_column width=&#8220;1\/3&#8243;][vc_column_text css_animation=&#8220;none&#8220; css=&#8220;&#8220; el_class=&#8220;front-contact&#8220;]<\/p>\n<h2 class=\"info-title\">Kontakt<\/h2>\n<p><i class=\"fa fa-phone\"><\/i>+<a href=\"tel:+492619143208\">49 (261) 914 3208<\/a><\/p>\n<p><i class=\"fas fa-mail-bulk\"><\/i> A&amp;A Promotion &amp; Logistik GmbH<br \/>\nAm Roten Hahn 1<br \/>\n56077 Koblenz<\/p>\n<p><i class=\"fa fa-at\"><\/i><a href=\"mailto:info@euticket.de\">info@euticket.de<\/a>[\/vc_column_text][vc_empty_space height=&#8220;40pt&#8220;][vc_column_text css_animation=&#8220;none&#8220; css=&#8220;&#8220;]<\/p>\n<h3 class=\"info-title\">Unsere Profile in sozialen Netzwerken<\/h3>\n<p>[\/vc_column_text][vc_empty_space height=&#8220;20pt&#8220;][vc_raw_html el_class=&#8220;front-sm&#8220;]JTNDYSUyMGhyZWYlM0QlMjJodHRwcyUzQSUyRiUyRndhLm1lJTJGJTJCNDkxNjA5NTk1MTg0MiUyMiUzRSUzQ2klMjBjbGFzcyUzRCUyMmZhYiUyMGZhLXdoYXRzYXBwJTIyJTNFJTNDJTJGaSUzRSUzQyUyRmElM0UlMEElM0NhJTIwaHJlZiUzRCUyMmh0dHBzJTNBJTJGJTJGd3d3Lmluc3RhZ3JhbS5jb20lMkZhYV9rb256ZXJ0YWdlbnR1ciUyRiUyMiUzRSUzQ2klMjBjbGFzcyUzRCUyMmZhYiUyMGZhLWluc3RhZ3JhbSUyMiUzRSUzQyUyRmklM0UlM0MlMkZhJTNFJTBBJTNDYSUyMGhyZWYlM0QlMjJodHRwcyUzQSUyRiUyRnd3dy5mYWNlYm9vay5jb20lMkZhYXByb21vdGlvbmdtYmglMkYlMjIlM0UlM0NpJTIwY2xhc3MlM0QlMjJmYWIlMjBmYS1mYWNlYm9vayUyMiUzRSUzQyUyRmklM0UlM0MlMkZhJTNF[\/vc_raw_html][\/vc_column][vc_column width=&#8220;2\/3&#8243;][vc_column_text css=&#8220;&#8220; el_id=&#8220;subscription&#8220;]<\/p>\n<h2 class=\"aa-title\" style=\"text-align: center;\">Bestellen Sie unser Newsletter<\/h2>\n<h5 class=\"sub-title\" style=\"text-align: center;\">und Sie erfahren als erste(r) von unseren Veranstaltungen und Aktionen<\/h5>\n<p>[\/vc_column_text][vc_raw_html]JTNDaWZyYW1lJTIwZGF0YS13LXR5cGUlM0QlMjJlbWJlZGRlZCUyMiUyMGZyYW1lYm9yZGVyJTNEJTIyMCUyMiUyMHNjcm9sbGluZyUzRCUyMm5vJTIyJTIwbWFyZ2luaGVpZ2h0JTNEJTIyMCUyMiUyMG1hcmdpbndpZHRoJTNEJTIyMCUyMiUyMHNyYyUzRCUyMmh0dHBzJTNBJTJGJTJGMGxzdTUubWp0Lmx1JTJGd2d0JTJGMGxzdTUlMkZqdmwlMkZmb3JtJTNGYyUzRGI3OTg2YjQzJTIyJTIwd2lkdGglM0QlMjIxMDAlMjUlMjIlMjBzdHlsZSUzRCUyMmhlaWdodCUzQSUyMDAlM0IlMjIlM0UlM0MlMkZpZnJhbWUlM0UlMEElMEElM0NzY3JpcHQlMjB0eXBlJTNEJTIydGV4dCUyRmphdmFzY3JpcHQlMjIlMjBzcmMlM0QlMjJodHRwcyUzQSUyRiUyRmFwcC5tYWlsamV0LmNvbSUyRnBhcy1uYy1lbWJlZGRlZC12MS5qcyUyMiUzRSUzQyUyRnNjcmlwdCUzRSUwQQ==[\/vc_raw_html][\/vc_column][\/vc_row]<\/p>\n<\/div>","protected":false},"excerpt":{"rendered":"<p>[vc_row full_width=&#8220;stretch_row_content_no_spaces&#8220; el_class=&#8220;main-slider-row&#8220;][vc_column][vc_images_carousel images=&#8220;1678,1770,139&#8243; img_size=&#8220;full&#8220; onclick=&#8220;link_no&#8220; autoplay=&#8220;yes&#8220; wrap=&#8220;yes&#8220; css=&#8220;&#8220; el_class=&#8220;main-slider&#8220;][\/vc_column][\/vc_row][vc_row el_class=&#8220;afisha-events&#8220;][vc_column][vc_column_text css=&#8220;&#8220;] Veranstaltungen [\/vc_column_text][vc_column_text css=&#8220;&#8220; el_class=&#8220;events-container&#8220;][\/vc_column_text][vc_empty_space height=&#8220;30pt&#8220;][\/vc_column][\/vc_row][vc_row full_width=&#8220;stretch_row&#8220; el_class=&#8220;about-row&#8220;][vc_column][vc_column_text css=&#8220;&#8220;] AA-Promotion Organisation und Durchf\u00fchrung von Shows und Konzerten in Deutschland und Europa [\/vc_column_text][vc_row_inner][vc_column_inner width=&#8220;1\/3&#8243;][vc_raw_html]JTNDZGl2JTIwY2xhc3MlM0QlMjJhYm91dC1pY29ucyUyMiUzRSUzQ2klMjBjbGFzcyUzRCUyMmZhJTIwZmEtY2hpbGQlMjIlM0UlM0MlMkZpJTNFJTNDJTJGZGl2JTNF[\/vc_raw_html][vc_column_text css_animation=&#8220;left-to-right&#8220; css=&#8220;&#8220;] F\u00fcr alle Unser Hauptprofil ist die Organisation und Durchf\u00fchrung von Konzerten, Shows und Veranstaltungen in Deutschland und Europa [\/vc_column_text][\/vc_column_inner][vc_column_inner&hellip;&nbsp;<a href=\"https:\/\/euticket.de\/de\/veranstaltungen\/gromkie-romantische-komoedie-von-savva-saveliev\/\" rel=\"bookmark\"><span class=\"screen-reader-text\">\u201eGROMKIE\u201c romantische Kom\u00f6die von Savva Saveliev<\/span><\/a><\/p>\n","protected":false},"author":1,"featured_media":0,"parent":0,"menu_order":0,"comment_status":"closed","ping_status":"closed","template":"","meta":{"_acf_changed":false,"neve_meta_sidebar":"","neve_meta_container":"","neve_meta_enable_content_width":"off","neve_meta_content_width":100,"neve_meta_title_alignment":"","neve_meta_author_avatar":"","neve_post_elements_order":"","neve_meta_disable_header":"","neve_meta_disable_footer":"","neve_meta_disable_title":"on","footnotes":""},"class_list":["post-294","page","type-page","status-publish","hentry"],"acf":[],"yoast_head":"<!-- This site is optimized with the Yoast SEO plugin v27.1.1 - https:\/\/yoast.com\/product\/yoast-seo-wordpress\/ -->\n<title>A&amp;A Konzertagentur - A&amp;A Konzertagentur<\/title>\n<meta name=\"robots\" content=\"index, follow, max-snippet:-1, max-image-preview:large, max-video-preview:-1\" \/>\n<link rel=\"canonical\" href=\"https:\/\/euticket.de\/de\/\" \/>\n<meta property=\"og:locale\" content=\"de_DE\" \/>\n<meta property=\"og:type\" content=\"article\" \/>\n<meta property=\"og:title\" content=\"A&amp;A Konzertagentur - A&amp;A Konzertagentur\" \/>\n<meta property=\"og:description\" content=\"[vc_row full_width=&#8220;stretch_row_content_no_spaces&#8220; el_class=&#8220;main-slider-row&#8220;][vc_column][vc_images_carousel images=&#8220;1678,1770,139&#8243; img_size=&#8220;full&#8220; onclick=&#8220;link_no&#8220; autoplay=&#8220;yes&#8220; wrap=&#8220;yes&#8220; css=&#8220;&#8220; el_class=&#8220;main-slider&#8220;][\/vc_column][\/vc_row][vc_row el_class=&#8220;afisha-events&#8220;][vc_column][vc_column_text css=&#8220;&#8220;] Veranstaltungen [\/vc_column_text][vc_column_text css=&#8220;&#8220; el_class=&#8220;events-container&#8220;][\/vc_column_text][vc_empty_space height=&#8220;30pt&#8220;][\/vc_column][\/vc_row][vc_row full_width=&#8220;stretch_row&#8220; el_class=&#8220;about-row&#8220;][vc_column][vc_column_text css=&#8220;&#8220;] AA-Promotion Organisation und Durchf\u00fchrung von Shows und Konzerten in Deutschland und Europa [\/vc_column_text][vc_row_inner][vc_column_inner width=&#8220;1\/3&#8243;][vc_raw_html]JTNDZGl2JTIwY2xhc3MlM0QlMjJhYm91dC1pY29ucyUyMiUzRSUzQ2klMjBjbGFzcyUzRCUyMmZhJTIwZmEtY2hpbGQlMjIlM0UlM0MlMkZpJTNFJTNDJTJGZGl2JTNF[\/vc_raw_html][vc_column_text css_animation=&#8220;left-to-right&#8220; css=&#8220;&#8220;] F\u00fcr alle Unser Hauptprofil ist die Organisation und Durchf\u00fchrung von Konzerten, Shows und Veranstaltungen in Deutschland und Europa [\/vc_column_text][\/vc_column_inner][vc_column_inner&hellip;&nbsp;\u201eGROMKIE\u201c romantische Kom\u00f6die von Savva Saveliev\" \/>\n<meta property=\"og:url\" content=\"https:\/\/euticket.de\/de\/\" \/>\n<meta property=\"og:site_name\" content=\"A&amp;A Konzertagentur\" \/>\n<meta property=\"article:modified_time\" content=\"2026-04-29T07:32:54+00:00\" \/>\n<meta name=\"twitter:card\" content=\"summary_large_image\" \/>\n<meta name=\"twitter:label1\" content=\"Gesch\u00e4tzte Lesezeit\" \/>\n\t<meta name=\"twitter:data1\" content=\"3\u00a0Minuten\" \/>\n<script type=\"application\/ld+json\" class=\"yoast-schema-graph\">{\"@context\":\"https:\/\/schema.org\",\"@graph\":[{\"@type\":\"WebPage\",\"@id\":\"https:\/\/euticket.de\/de\/\",\"url\":\"https:\/\/euticket.de\/de\/\",\"name\":\"A&A Konzertagentur - A&amp;A Konzertagentur\",\"isPartOf\":{\"@id\":\"https:\/\/euticket.de\/#website\"},\"datePublished\":\"2025-06-26T03:03:31+00:00\",\"dateModified\":\"2026-04-29T07:32:54+00:00\",\"breadcrumb\":{\"@id\":\"https:\/\/euticket.de\/de\/#breadcrumb\"},\"inLanguage\":\"de\",\"potentialAction\":[{\"@type\":\"ReadAction\",\"target\":[\"https:\/\/euticket.de\/de\/\"]}]},{\"@type\":\"BreadcrumbList\",\"@id\":\"https:\/\/euticket.de\/de\/#breadcrumb\",\"itemListElement\":[{\"@type\":\"ListItem\",\"position\":1,\"name\":\"\u0413\u043b\u0430\u0432\u043d\u0430\u044f \u0441\u0442\u0440\u0430\u043d\u0438\u0446\u0430\",\"item\":\"https:\/\/euticket.de\/de\/\"},{\"@type\":\"ListItem\",\"position\":2,\"name\":\"A&#038;A Konzertagentur\"}]},{\"@type\":\"WebSite\",\"@id\":\"https:\/\/euticket.de\/#website\",\"url\":\"https:\/\/euticket.de\/\",\"name\":\"A&amp;A Konzertagentur\",\"description\":\"\",\"potentialAction\":[{\"@type\":\"SearchAction\",\"target\":{\"@type\":\"EntryPoint\",\"urlTemplate\":\"https:\/\/euticket.de\/?s={search_term_string}\"},\"query-input\":{\"@type\":\"PropertyValueSpecification\",\"valueRequired\":true,\"valueName\":\"search_term_string\"}}],\"inLanguage\":\"de\"}]}<\/script>\n<!-- \/ Yoast SEO plugin. -->","yoast_head_json":{"title":"A&A Konzertagentur - A&amp;A Konzertagentur","robots":{"index":"index","follow":"follow","max-snippet":"max-snippet:-1","max-image-preview":"max-image-preview:large","max-video-preview":"max-video-preview:-1"},"canonical":"https:\/\/euticket.de\/de\/","og_locale":"de_DE","og_type":"article","og_title":"A&A Konzertagentur - A&amp;A Konzertagentur","og_description":"[vc_row full_width=&#8220;stretch_row_content_no_spaces&#8220; el_class=&#8220;main-slider-row&#8220;][vc_column][vc_images_carousel images=&#8220;1678,1770,139&#8243; img_size=&#8220;full&#8220; onclick=&#8220;link_no&#8220; autoplay=&#8220;yes&#8220; wrap=&#8220;yes&#8220; css=&#8220;&#8220; el_class=&#8220;main-slider&#8220;][\/vc_column][\/vc_row][vc_row el_class=&#8220;afisha-events&#8220;][vc_column][vc_column_text css=&#8220;&#8220;] Veranstaltungen [\/vc_column_text][vc_column_text css=&#8220;&#8220; el_class=&#8220;events-container&#8220;][\/vc_column_text][vc_empty_space height=&#8220;30pt&#8220;][\/vc_column][\/vc_row][vc_row full_width=&#8220;stretch_row&#8220; el_class=&#8220;about-row&#8220;][vc_column][vc_column_text css=&#8220;&#8220;] AA-Promotion Organisation und Durchf\u00fchrung von Shows und Konzerten in Deutschland und Europa [\/vc_column_text][vc_row_inner][vc_column_inner width=&#8220;1\/3&#8243;][vc_raw_html]JTNDZGl2JTIwY2xhc3MlM0QlMjJhYm91dC1pY29ucyUyMiUzRSUzQ2klMjBjbGFzcyUzRCUyMmZhJTIwZmEtY2hpbGQlMjIlM0UlM0MlMkZpJTNFJTNDJTJGZGl2JTNF[\/vc_raw_html][vc_column_text css_animation=&#8220;left-to-right&#8220; css=&#8220;&#8220;] F\u00fcr alle Unser Hauptprofil ist die Organisation und Durchf\u00fchrung von Konzerten, Shows und Veranstaltungen in Deutschland und Europa [\/vc_column_text][\/vc_column_inner][vc_column_inner&hellip;&nbsp;\u201eGROMKIE\u201c romantische Kom\u00f6die von Savva Saveliev","og_url":"https:\/\/euticket.de\/de\/","og_site_name":"A&amp;A Konzertagentur","article_modified_time":"2026-04-29T07:32:54+00:00","twitter_card":"summary_large_image","twitter_misc":{"Gesch\u00e4tzte Lesezeit":"3\u00a0Minuten"},"schema":{"@context":"https:\/\/schema.org","@graph":[{"@type":"WebPage","@id":"https:\/\/euticket.de\/de\/","url":"https:\/\/euticket.de\/de\/","name":"A&A Konzertagentur - A&amp;A Konzertagentur","isPartOf":{"@id":"https:\/\/euticket.de\/#website"},"datePublished":"2025-06-26T03:03:31+00:00","dateModified":"2026-04-29T07:32:54+00:00","breadcrumb":{"@id":"https:\/\/euticket.de\/de\/#breadcrumb"},"inLanguage":"de","potentialAction":[{"@type":"ReadAction","target":["https:\/\/euticket.de\/de\/"]}]},{"@type":"BreadcrumbList","@id":"https:\/\/euticket.de\/de\/#breadcrumb","itemListElement":[{"@type":"ListItem","position":1,"name":"\u0413\u043b\u0430\u0432\u043d\u0430\u044f \u0441\u0442\u0440\u0430\u043d\u0438\u0446\u0430","item":"https:\/\/euticket.de\/de\/"},{"@type":"ListItem","position":2,"name":"A&#038;A Konzertagentur"}]},{"@type":"WebSite","@id":"https:\/\/euticket.de\/#website","url":"https:\/\/euticket.de\/","name":"A&amp;A Konzertagentur","description":"","potentialAction":[{"@type":"SearchAction","target":{"@type":"EntryPoint","urlTemplate":"https:\/\/euticket.de\/?s={search_term_string}"},"query-input":{"@type":"PropertyValueSpecification","valueRequired":true,"valueName":"search_term_string"}}],"inLanguage":"de"}]}},"_links":{"self":[{"href":"https:\/\/euticket.de\/de\/wp-json\/wp\/v2\/pages\/294","targetHints":{"allow":["GET"]}}],"collection":[{"href":"https:\/\/euticket.de\/de\/wp-json\/wp\/v2\/pages"}],"about":[{"href":"https:\/\/euticket.de\/de\/wp-json\/wp\/v2\/types\/page"}],"author":[{"embeddable":true,"href":"https:\/\/euticket.de\/de\/wp-json\/wp\/v2\/users\/1"}],"replies":[{"embeddable":true,"href":"https:\/\/euticket.de\/de\/wp-json\/wp\/v2\/comments?post=294"}],"version-history":[{"count":13,"href":"https:\/\/euticket.de\/de\/wp-json\/wp\/v2\/pages\/294\/revisions"}],"predecessor-version":[{"id":1846,"href":"https:\/\/euticket.de\/de\/wp-json\/wp\/v2\/pages\/294\/revisions\/1846"}],"wp:attachment":[{"href":"https:\/\/euticket.de\/de\/wp-json\/wp\/v2\/media?parent=294"}],"curies":[{"name":"wp","href":"https:\/\/api.w.org\/{rel}","templated":true}]}}