{"id":1070,"date":"2025-06-26T08:19:17","date_gmt":"2025-06-26T06:19:17","guid":{"rendered":"https:\/\/euticket.de\/?page_id=1070"},"modified":"2025-06-28T07:23:12","modified_gmt":"2025-06-28T05:23:12","slug":"gutschein","status":"publish","type":"page","link":"https:\/\/euticket.de\/de\/gutschein\/","title":{"rendered":"Geschenk-Gutscheine"},"content":{"rendered":"<div class=\"wpb-content-wrapper\"><p>[vc_row equal_height=&#8220;yes&#8220; content_placement=&#8220;top&#8220;][vc_column css_animation=&#8220;left-to-right&#8220; width=&#8220;1\/3&#8243; css=&#8220;.vc_custom_1690474094663{background-image: url(https:\/\/euticket.de\/library\/media\/certificate_1.jpg?id=1637) !important;background-position: center !important;background-repeat: no-repeat !important;background-size: contain !important;}&#8220;][vc_empty_space height=&#8220;320px&#8220;][\/vc_column][vc_column width=&#8220;2\/3&#8243; el_class=&#8220;whited&#8220;][vc_column_text css_animation=&#8220;right-to-left&#8220; css=&#8220;&#8220;]<\/p>\n<h2>Geschenkgutschein \u201eTicket als Geschenk!\u201c<\/h2>\n<p>von A&amp;A Promotion ist eine gro\u00dfartige Gelegenheit, Ihre Lieben zu \u00fcberraschen!<br \/>\nSie k\u00f6nnen jetzt eine Bestellung aufgeben und einen Geschenkgutschein sofort erhalten.<br \/>\nDer Gutschein berechtigt zum Kauf von Tickets auf alle Veranstaltungen, die auf der Seite www.euticket.de angeboten werden.<br \/>\nSie k\u00f6nnen die H\u00f6he des Geschenkgutscheins selbst bestimmen.<br \/>\nDer Gutschein l\u00e4uft nicht ab. Der Besitzer kann es jederzeit gegen ein Ticket eintauschen.<\/p>\n<p>Bestellung per Telefon: +<strong><a href=\"tel:492619143208\">49 261 9143208<\/a><\/strong> oder <strong><a href=\"mailto:info@euticket.de\">info@euticket.de<\/a><\/strong>.[\/vc_column_text][\/vc_column][\/vc_row]<\/p>\n<\/div>","protected":false},"excerpt":{"rendered":"<p>[vc_row equal_height=&#8220;yes&#8220; content_placement=&#8220;top&#8220;][vc_column css_animation=&#8220;left-to-right&#8220; width=&#8220;1\/3&#8243; css=&#8220;.vc_custom_1690474094663{background-image: url(https:\/\/euticket.de\/library\/media\/certificate_1.jpg?id=1637) !important;background-position: center !important;background-repeat: no-repeat !important;background-size: contain !important;}&#8220;][vc_empty_space height=&#8220;320px&#8220;][\/vc_column][vc_column width=&#8220;2\/3&#8243; el_class=&#8220;whited&#8220;][vc_column_text css_animation=&#8220;right-to-left&#8220; css=&#8220;&#8220;] Geschenkgutschein \u201eTicket als Geschenk!\u201c von A&amp;A Promotion ist eine gro\u00dfartige Gelegenheit, Ihre Lieben zu \u00fcberraschen! Sie k\u00f6nnen jetzt eine Bestellung aufgeben und einen Geschenkgutschein sofort erhalten. Der Gutschein berechtigt zum Kauf von Tickets auf alle Veranstaltungen,&hellip;&nbsp;<a href=\"https:\/\/euticket.de\/de\/gutschein\/\" rel=\"bookmark\"><span class=\"screen-reader-text\">Geschenk-Gutscheine<\/span><\/a><\/p>\n","protected":false},"author":1,"featured_media":0,"parent":0,"menu_order":0,"comment_status":"closed","ping_status":"closed","template":"","meta":{"_acf_changed":false,"neve_meta_sidebar":"","neve_meta_container":"","neve_meta_enable_content_width":"off","neve_meta_content_width":100,"neve_meta_title_alignment":"","neve_meta_author_avatar":"","neve_post_elements_order":"","neve_meta_disable_header":"","neve_meta_disable_footer":"","neve_meta_disable_title":"","footnotes":""},"class_list":["post-1070","page","type-page","status-publish","hentry"],"acf":[],"yoast_head":"<!-- This site is optimized with the Yoast SEO plugin v27.1.1 - https:\/\/yoast.com\/product\/yoast-seo-wordpress\/ -->\n<title>Geschenk-Gutscheine - A&amp;A Konzertagentur<\/title>\n<meta name=\"robots\" content=\"index, follow, max-snippet:-1, max-image-preview:large, max-video-preview:-1\" \/>\n<link rel=\"canonical\" href=\"https:\/\/euticket.de\/de\/gutschein\/\" \/>\n<meta property=\"og:locale\" content=\"de_DE\" \/>\n<meta property=\"og:type\" content=\"article\" \/>\n<meta property=\"og:title\" content=\"Geschenk-Gutscheine - A&amp;A Konzertagentur\" \/>\n<meta property=\"og:description\" content=\"[vc_row equal_height=&#8220;yes&#8220; content_placement=&#8220;top&#8220;][vc_column css_animation=&#8220;left-to-right&#8220; width=&#8220;1\/3&#8243; css=&#8220;.vc_custom_1690474094663{background-image: url(https:\/\/euticket.de\/library\/media\/certificate_1.jpg?id=1637) !important;background-position: center !important;background-repeat: no-repeat !important;background-size: contain !important;}&#8220;][vc_empty_space height=&#8220;320px&#8220;][\/vc_column][vc_column width=&#8220;2\/3&#8243; el_class=&#8220;whited&#8220;][vc_column_text css_animation=&#8220;right-to-left&#8220; css=&#8220;&#8220;] Geschenkgutschein \u201eTicket als Geschenk!\u201c von A&amp;A Promotion ist eine gro\u00dfartige Gelegenheit, Ihre Lieben zu \u00fcberraschen! Sie k\u00f6nnen jetzt eine Bestellung aufgeben und einen Geschenkgutschein sofort erhalten. Der Gutschein berechtigt zum Kauf von Tickets auf alle Veranstaltungen,&hellip;&nbsp;Geschenk-Gutscheine\" \/>\n<meta property=\"og:url\" content=\"https:\/\/euticket.de\/de\/gutschein\/\" \/>\n<meta property=\"og:site_name\" content=\"A&amp;A Konzertagentur\" \/>\n<meta property=\"article:modified_time\" content=\"2025-06-28T05:23:12+00:00\" \/>\n<meta name=\"twitter:card\" content=\"summary_large_image\" \/>\n<meta name=\"twitter:label1\" content=\"Gesch\u00e4tzte Lesezeit\" \/>\n\t<meta name=\"twitter:data1\" content=\"1\u00a0Minute\" \/>\n<script type=\"application\/ld+json\" class=\"yoast-schema-graph\">{\"@context\":\"https:\/\/schema.org\",\"@graph\":[{\"@type\":\"WebPage\",\"@id\":\"https:\/\/euticket.de\/de\/gutschein\/\",\"url\":\"https:\/\/euticket.de\/de\/gutschein\/\",\"name\":\"Geschenk-Gutscheine - A&amp;A Konzertagentur\",\"isPartOf\":{\"@id\":\"https:\/\/euticket.de\/#website\"},\"datePublished\":\"2025-06-26T06:19:17+00:00\",\"dateModified\":\"2025-06-28T05:23:12+00:00\",\"breadcrumb\":{\"@id\":\"https:\/\/euticket.de\/de\/gutschein\/#breadcrumb\"},\"inLanguage\":\"de\",\"potentialAction\":[{\"@type\":\"ReadAction\",\"target\":[\"https:\/\/euticket.de\/de\/gutschein\/\"]}]},{\"@type\":\"BreadcrumbList\",\"@id\":\"https:\/\/euticket.de\/de\/gutschein\/#breadcrumb\",\"itemListElement\":[{\"@type\":\"ListItem\",\"position\":1,\"name\":\"\u0413\u043b\u0430\u0432\u043d\u0430\u044f \u0441\u0442\u0440\u0430\u043d\u0438\u0446\u0430\",\"item\":\"https:\/\/euticket.de\/de\/\"},{\"@type\":\"ListItem\",\"position\":2,\"name\":\"Geschenk-Gutscheine\"}]},{\"@type\":\"WebSite\",\"@id\":\"https:\/\/euticket.de\/#website\",\"url\":\"https:\/\/euticket.de\/\",\"name\":\"A&amp;A Konzertagentur\",\"description\":\"\",\"potentialAction\":[{\"@type\":\"SearchAction\",\"target\":{\"@type\":\"EntryPoint\",\"urlTemplate\":\"https:\/\/euticket.de\/?s={search_term_string}\"},\"query-input\":{\"@type\":\"PropertyValueSpecification\",\"valueRequired\":true,\"valueName\":\"search_term_string\"}}],\"inLanguage\":\"de\"}]}<\/script>\n<!-- \/ Yoast SEO plugin. -->","yoast_head_json":{"title":"Geschenk-Gutscheine - A&amp;A Konzertagentur","robots":{"index":"index","follow":"follow","max-snippet":"max-snippet:-1","max-image-preview":"max-image-preview:large","max-video-preview":"max-video-preview:-1"},"canonical":"https:\/\/euticket.de\/de\/gutschein\/","og_locale":"de_DE","og_type":"article","og_title":"Geschenk-Gutscheine - A&amp;A Konzertagentur","og_description":"[vc_row equal_height=&#8220;yes&#8220; content_placement=&#8220;top&#8220;][vc_column css_animation=&#8220;left-to-right&#8220; width=&#8220;1\/3&#8243; css=&#8220;.vc_custom_1690474094663{background-image: url(https:\/\/euticket.de\/library\/media\/certificate_1.jpg?id=1637) !important;background-position: center !important;background-repeat: no-repeat !important;background-size: contain !important;}&#8220;][vc_empty_space height=&#8220;320px&#8220;][\/vc_column][vc_column width=&#8220;2\/3&#8243; el_class=&#8220;whited&#8220;][vc_column_text css_animation=&#8220;right-to-left&#8220; css=&#8220;&#8220;] Geschenkgutschein \u201eTicket als Geschenk!\u201c von A&amp;A Promotion ist eine gro\u00dfartige Gelegenheit, Ihre Lieben zu \u00fcberraschen! Sie k\u00f6nnen jetzt eine Bestellung aufgeben und einen Geschenkgutschein sofort erhalten. Der Gutschein berechtigt zum Kauf von Tickets auf alle Veranstaltungen,&hellip;&nbsp;Geschenk-Gutscheine","og_url":"https:\/\/euticket.de\/de\/gutschein\/","og_site_name":"A&amp;A Konzertagentur","article_modified_time":"2025-06-28T05:23:12+00:00","twitter_card":"summary_large_image","twitter_misc":{"Gesch\u00e4tzte Lesezeit":"1\u00a0Minute"},"schema":{"@context":"https:\/\/schema.org","@graph":[{"@type":"WebPage","@id":"https:\/\/euticket.de\/de\/gutschein\/","url":"https:\/\/euticket.de\/de\/gutschein\/","name":"Geschenk-Gutscheine - A&amp;A Konzertagentur","isPartOf":{"@id":"https:\/\/euticket.de\/#website"},"datePublished":"2025-06-26T06:19:17+00:00","dateModified":"2025-06-28T05:23:12+00:00","breadcrumb":{"@id":"https:\/\/euticket.de\/de\/gutschein\/#breadcrumb"},"inLanguage":"de","potentialAction":[{"@type":"ReadAction","target":["https:\/\/euticket.de\/de\/gutschein\/"]}]},{"@type":"BreadcrumbList","@id":"https:\/\/euticket.de\/de\/gutschein\/#breadcrumb","itemListElement":[{"@type":"ListItem","position":1,"name":"\u0413\u043b\u0430\u0432\u043d\u0430\u044f \u0441\u0442\u0440\u0430\u043d\u0438\u0446\u0430","item":"https:\/\/euticket.de\/de\/"},{"@type":"ListItem","position":2,"name":"Geschenk-Gutscheine"}]},{"@type":"WebSite","@id":"https:\/\/euticket.de\/#website","url":"https:\/\/euticket.de\/","name":"A&amp;A Konzertagentur","description":"","potentialAction":[{"@type":"SearchAction","target":{"@type":"EntryPoint","urlTemplate":"https:\/\/euticket.de\/?s={search_term_string}"},"query-input":{"@type":"PropertyValueSpecification","valueRequired":true,"valueName":"search_term_string"}}],"inLanguage":"de"}]}},"_links":{"self":[{"href":"https:\/\/euticket.de\/de\/wp-json\/wp\/v2\/pages\/1070","targetHints":{"allow":["GET"]}}],"collection":[{"href":"https:\/\/euticket.de\/de\/wp-json\/wp\/v2\/pages"}],"about":[{"href":"https:\/\/euticket.de\/de\/wp-json\/wp\/v2\/types\/page"}],"author":[{"embeddable":true,"href":"https:\/\/euticket.de\/de\/wp-json\/wp\/v2\/users\/1"}],"replies":[{"embeddable":true,"href":"https:\/\/euticket.de\/de\/wp-json\/wp\/v2\/comments?post=1070"}],"version-history":[{"count":2,"href":"https:\/\/euticket.de\/de\/wp-json\/wp\/v2\/pages\/1070\/revisions"}],"predecessor-version":[{"id":1074,"href":"https:\/\/euticket.de\/de\/wp-json\/wp\/v2\/pages\/1070\/revisions\/1074"}],"wp:attachment":[{"href":"https:\/\/euticket.de\/de\/wp-json\/wp\/v2\/media?parent=1070"}],"curies":[{"name":"wp","href":"https:\/\/api.w.org\/{rel}","templated":true}]}}